{"id":29,"date":"2020-05-23T14:21:41","date_gmt":"2020-05-23T12:21:41","guid":{"rendered":"http:\/\/louisebrunnodottir.com\/?page_id=29"},"modified":"2020-05-25T11:18:00","modified_gmt":"2020-05-25T09:18:00","slug":"paysages","status":"publish","type":"page","link":"https:\/\/louisebrunnodottir.com\/?page_id=29","title":{"rendered":"Paysages"},"content":{"rendered":"\n<div class=\"wp-block-media-text alignwide is-stacked-on-mobile\" style=\"grid-template-columns:34% auto\"><figure class=\"wp-block-media-text__media\"><img loading=\"lazy\" decoding=\"async\" width=\"2000\" height=\"2000\" src=\"http:\/\/louisebrunnodottir.com\/wp-content\/uploads\/2020\/05\/IMG_0472-copie-2000x2000.jpg\" alt=\"\" class=\"wp-image-194\" srcset=\"https:\/\/louisebrunnodottir.com\/wp-content\/uploads\/2020\/05\/IMG_0472-copie-2000x2000.jpg 2000w, https:\/\/louisebrunnodottir.com\/wp-content\/uploads\/2020\/05\/IMG_0472-copie-300x300.jpg 300w, https:\/\/louisebrunnodottir.com\/wp-content\/uploads\/2020\/05\/IMG_0472-copie-150x150.jpg 150w, https:\/\/louisebrunnodottir.com\/wp-content\/uploads\/2020\/05\/IMG_0472-copie-768x768.jpg 768w, https:\/\/louisebrunnodottir.com\/wp-content\/uploads\/2020\/05\/IMG_0472-copie-1536x1536.jpg 1536w, https:\/\/louisebrunnodottir.com\/wp-content\/uploads\/2020\/05\/IMG_0472-copie-2048x2048.jpg 2048w\" sizes=\"(max-width: 2000px) 100vw, 2000px\" \/><\/figure><div class=\"wp-block-media-text__content\">\n<p><\/p>\n\n\n\n<p>Cette s\u00e9rie de photographies est le r\u00e9sultat d\u2019une recherche sur le d\u00e9veloppement d\u2019un langage photographique du paysage : elle se compose de photographies verticales de grand format, interrogeant la notion de paysage et le geste de photographie.<\/p>\n\n\n\n<p><\/p>\n\n\n\n<p>Le terme de surface \u00e9voque la ligne, droite, nette, coup\u00e9e, dans la photographie ou dans la peinture, l\u2019horizon est cette ligne d\u00e9liminatrice, qui s\u00e9pare la terre ou la mer du ciel, l\u2019humain du divin. Indissociable du paysage, il se fait limite : ordonne une perspective, propose une ligne et un d\u00e9coupage, parfaits car naturels. De fait la peinture de paysage, et plus tard la photographie occidentale, est traditionnellement horizontale, on parle d\u2019ailleurs de format \u201cpaysage\u201d : le format vertical \u00e9tant plus r\u00e9serv\u00e9 au le portrait, la mise en sc\u00e8ne choisie, cadr\u00e9e : ce qui a trait \u00e0 la figure humaine.<br><br>L\u2019horizon est \u00e0 la fois une limite dans un cadre, et l\u2019infini. Il d\u00e9finit une image, et pourtant fait penser \u00e0 l&rsquo;insaisissable : ce qui est derri\u00e8re, l\u2019inaccessible.<br>L\u2019horizon n\u2019est pas un lieu, il n\u2019est pas mesurable ou distanciable, c\u2019est une utopie, un objet du d\u00e9sir, on ne peut y aller, y acc\u00e9der, c\u2019est le premier point de \u201c l\u2019envers du paysage\u201d<\/p>\n<\/div><\/div>\n\n\n\n<div style=\"height:100px\" aria-hidden=\"true\" class=\"wp-block-spacer\"><\/div>\n\n\n\n<figure class=\"wp-block-gallery columns-2 is-cropped wp-block-gallery-1 is-layout-flex wp-block-gallery-is-layout-flex\"><ul class=\"blocks-gallery-grid\"><li class=\"blocks-gallery-item\"><figure><img loading=\"lazy\" decoding=\"async\" width=\"1494\" height=\"2000\" src=\"http:\/\/louisebrunnodottir.com\/wp-content\/uploads\/2020\/05\/Paysage-1-1494x2000.jpg\" alt=\"\" data-id=\"179\" data-full-url=\"http:\/\/louisebrunnodottir.com\/wp-content\/uploads\/2020\/05\/Paysage-1.jpg\" data-link=\"http:\/\/louisebrunnodottir.com\/?attachment_id=179\" class=\"wp-image-179\" srcset=\"https:\/\/louisebrunnodottir.com\/wp-content\/uploads\/2020\/05\/Paysage-1-1494x2000.jpg 1494w, https:\/\/louisebrunnodottir.com\/wp-content\/uploads\/2020\/05\/Paysage-1-224x300.jpg 224w, https:\/\/louisebrunnodottir.com\/wp-content\/uploads\/2020\/05\/Paysage-1-768x1028.jpg 768w, https:\/\/louisebrunnodottir.com\/wp-content\/uploads\/2020\/05\/Paysage-1-1147x1536.jpg 1147w, https:\/\/louisebrunnodottir.com\/wp-content\/uploads\/2020\/05\/Paysage-1-1530x2048.jpg 1530w, https:\/\/louisebrunnodottir.com\/wp-content\/uploads\/2020\/05\/Paysage-1.jpg 1679w\" sizes=\"(max-width: 1494px) 100vw, 1494px\" \/><\/figure><\/li><li class=\"blocks-gallery-item\"><figure><img loading=\"lazy\" decoding=\"async\" width=\"1471\" height=\"1961\" src=\"http:\/\/louisebrunnodottir.com\/wp-content\/uploads\/2020\/05\/Paysage-2.jpg\" alt=\"\" data-id=\"180\" data-full-url=\"http:\/\/louisebrunnodottir.com\/wp-content\/uploads\/2020\/05\/Paysage-2.jpg\" data-link=\"http:\/\/louisebrunnodottir.com\/?attachment_id=180\" class=\"wp-image-180\" srcset=\"https:\/\/louisebrunnodottir.com\/wp-content\/uploads\/2020\/05\/Paysage-2.jpg 1471w, https:\/\/louisebrunnodottir.com\/wp-content\/uploads\/2020\/05\/Paysage-2-225x300.jpg 225w, https:\/\/louisebrunnodottir.com\/wp-content\/uploads\/2020\/05\/Paysage-2-768x1024.jpg 768w, https:\/\/louisebrunnodottir.com\/wp-content\/uploads\/2020\/05\/Paysage-2-1152x1536.jpg 1152w\" sizes=\"(max-width: 1471px) 100vw, 1471px\" \/><\/figure><\/li><\/ul><\/figure>\n\n\n\n<figure class=\"wp-block-gallery columns-3 is-cropped wp-block-gallery-2 is-layout-flex wp-block-gallery-is-layout-flex\"><ul class=\"blocks-gallery-grid\"><li class=\"blocks-gallery-item\"><figure><img loading=\"lazy\" decoding=\"async\" width=\"1333\" height=\"2000\" src=\"http:\/\/louisebrunnodottir.com\/wp-content\/uploads\/2020\/05\/Paysage-9-1333x2000.jpg\" alt=\"\" data-id=\"182\" data-full-url=\"http:\/\/louisebrunnodottir.com\/wp-content\/uploads\/2020\/05\/Paysage-9-scaled.jpg\" data-link=\"http:\/\/louisebrunnodottir.com\/?attachment_id=182\" class=\"wp-image-182\" srcset=\"https:\/\/louisebrunnodottir.com\/wp-content\/uploads\/2020\/05\/Paysage-9-1333x2000.jpg 1333w, https:\/\/louisebrunnodottir.com\/wp-content\/uploads\/2020\/05\/Paysage-9-200x300.jpg 200w, https:\/\/louisebrunnodottir.com\/wp-content\/uploads\/2020\/05\/Paysage-9-768x1152.jpg 768w, https:\/\/louisebrunnodottir.com\/wp-content\/uploads\/2020\/05\/Paysage-9-1024x1536.jpg 1024w, https:\/\/louisebrunnodottir.com\/wp-content\/uploads\/2020\/05\/Paysage-9-1365x2048.jpg 1365w, https:\/\/louisebrunnodottir.com\/wp-content\/uploads\/2020\/05\/Paysage-9-scaled.jpg 1706w\" sizes=\"(max-width: 1333px) 100vw, 1333px\" \/><\/figure><\/li><li class=\"blocks-gallery-item\"><figure><img loading=\"lazy\" decoding=\"async\" width=\"1400\" height=\"2000\" src=\"http:\/\/louisebrunnodottir.com\/wp-content\/uploads\/2020\/05\/Paysage-11-1400x2000.jpg\" alt=\"\" data-id=\"187\" data-full-url=\"http:\/\/louisebrunnodottir.com\/wp-content\/uploads\/2020\/05\/Paysage-11-scaled.jpg\" data-link=\"http:\/\/louisebrunnodottir.com\/?attachment_id=187\" class=\"wp-image-187\" srcset=\"https:\/\/louisebrunnodottir.com\/wp-content\/uploads\/2020\/05\/Paysage-11-1400x2000.jpg 1400w, https:\/\/louisebrunnodottir.com\/wp-content\/uploads\/2020\/05\/Paysage-11-210x300.jpg 210w, https:\/\/louisebrunnodottir.com\/wp-content\/uploads\/2020\/05\/Paysage-11-768x1097.jpg 768w, https:\/\/louisebrunnodottir.com\/wp-content\/uploads\/2020\/05\/Paysage-11-1075x1536.jpg 1075w, https:\/\/louisebrunnodottir.com\/wp-content\/uploads\/2020\/05\/Paysage-11-1434x2048.jpg 1434w, https:\/\/louisebrunnodottir.com\/wp-content\/uploads\/2020\/05\/Paysage-11-scaled.jpg 1792w\" sizes=\"(max-width: 1400px) 100vw, 1400px\" \/><\/figure><\/li><li class=\"blocks-gallery-item\"><figure><img loading=\"lazy\" decoding=\"async\" width=\"1333\" height=\"2000\" src=\"http:\/\/louisebrunnodottir.com\/wp-content\/uploads\/2020\/05\/Paysage-10-1333x2000.jpg\" alt=\"\" data-id=\"184\" data-full-url=\"http:\/\/louisebrunnodottir.com\/wp-content\/uploads\/2020\/05\/Paysage-10-scaled.jpg\" data-link=\"http:\/\/louisebrunnodottir.com\/?attachment_id=184\" class=\"wp-image-184\" srcset=\"https:\/\/louisebrunnodottir.com\/wp-content\/uploads\/2020\/05\/Paysage-10-1333x2000.jpg 1333w, https:\/\/louisebrunnodottir.com\/wp-content\/uploads\/2020\/05\/Paysage-10-200x300.jpg 200w, https:\/\/louisebrunnodottir.com\/wp-content\/uploads\/2020\/05\/Paysage-10-768x1152.jpg 768w, https:\/\/louisebrunnodottir.com\/wp-content\/uploads\/2020\/05\/Paysage-10-1024x1536.jpg 1024w, https:\/\/louisebrunnodottir.com\/wp-content\/uploads\/2020\/05\/Paysage-10-1365x2048.jpg 1365w, https:\/\/louisebrunnodottir.com\/wp-content\/uploads\/2020\/05\/Paysage-10-scaled.jpg 1706w\" sizes=\"(max-width: 1333px) 100vw, 1333px\" \/><\/figure><\/li><\/ul><\/figure>\n\n\n\n<figure class=\"wp-block-gallery columns-3 is-cropped wp-block-gallery-3 is-layout-flex wp-block-gallery-is-layout-flex\"><ul class=\"blocks-gallery-grid\"><li class=\"blocks-gallery-item\"><figure><img loading=\"lazy\" decoding=\"async\" width=\"851\" height=\"1276\" src=\"http:\/\/louisebrunnodottir.com\/wp-content\/uploads\/2020\/05\/IMG_0267.jpg\" alt=\"\" data-id=\"189\" data-full-url=\"http:\/\/louisebrunnodottir.com\/wp-content\/uploads\/2020\/05\/IMG_0267.jpg\" data-link=\"http:\/\/louisebrunnodottir.com\/?attachment_id=189\" class=\"wp-image-189\" srcset=\"https:\/\/louisebrunnodottir.com\/wp-content\/uploads\/2020\/05\/IMG_0267.jpg 851w, https:\/\/louisebrunnodottir.com\/wp-content\/uploads\/2020\/05\/IMG_0267-200x300.jpg 200w, https:\/\/louisebrunnodottir.com\/wp-content\/uploads\/2020\/05\/IMG_0267-768x1152.jpg 768w\" sizes=\"(max-width: 851px) 100vw, 851px\" \/><\/figure><\/li><li class=\"blocks-gallery-item\"><figure><img loading=\"lazy\" decoding=\"async\" width=\"1400\" height=\"2000\" src=\"http:\/\/louisebrunnodottir.com\/wp-content\/uploads\/2020\/05\/Paysage-8-1400x2000.jpg\" alt=\"\" data-id=\"183\" data-full-url=\"http:\/\/louisebrunnodottir.com\/wp-content\/uploads\/2020\/05\/Paysage-8-scaled.jpg\" data-link=\"http:\/\/louisebrunnodottir.com\/?attachment_id=183\" class=\"wp-image-183\" srcset=\"https:\/\/louisebrunnodottir.com\/wp-content\/uploads\/2020\/05\/Paysage-8-1400x2000.jpg 1400w, https:\/\/louisebrunnodottir.com\/wp-content\/uploads\/2020\/05\/Paysage-8-210x300.jpg 210w, https:\/\/louisebrunnodottir.com\/wp-content\/uploads\/2020\/05\/Paysage-8-768x1097.jpg 768w, https:\/\/louisebrunnodottir.com\/wp-content\/uploads\/2020\/05\/Paysage-8-1075x1536.jpg 1075w, https:\/\/louisebrunnodottir.com\/wp-content\/uploads\/2020\/05\/Paysage-8-1434x2048.jpg 1434w, https:\/\/louisebrunnodottir.com\/wp-content\/uploads\/2020\/05\/Paysage-8-scaled.jpg 1792w\" sizes=\"(max-width: 1400px) 100vw, 1400px\" \/><\/figure><\/li><li class=\"blocks-gallery-item\"><figure><img loading=\"lazy\" decoding=\"async\" width=\"1333\" height=\"2000\" src=\"http:\/\/louisebrunnodottir.com\/wp-content\/uploads\/2020\/05\/Paysage-12-1333x2000.jpg\" alt=\"\" data-id=\"186\" data-full-url=\"http:\/\/louisebrunnodottir.com\/wp-content\/uploads\/2020\/05\/Paysage-12-scaled.jpg\" data-link=\"http:\/\/louisebrunnodottir.com\/?attachment_id=186\" class=\"wp-image-186\" srcset=\"https:\/\/louisebrunnodottir.com\/wp-content\/uploads\/2020\/05\/Paysage-12-1333x2000.jpg 1333w, https:\/\/louisebrunnodottir.com\/wp-content\/uploads\/2020\/05\/Paysage-12-200x300.jpg 200w, https:\/\/louisebrunnodottir.com\/wp-content\/uploads\/2020\/05\/Paysage-12-768x1152.jpg 768w, https:\/\/louisebrunnodottir.com\/wp-content\/uploads\/2020\/05\/Paysage-12-1024x1536.jpg 1024w, https:\/\/louisebrunnodottir.com\/wp-content\/uploads\/2020\/05\/Paysage-12-1365x2048.jpg 1365w, https:\/\/louisebrunnodottir.com\/wp-content\/uploads\/2020\/05\/Paysage-12-scaled.jpg 1707w\" sizes=\"(max-width: 1333px) 100vw, 1333px\" \/><\/figure><\/li><\/ul><\/figure>\n\n\n\n<figure class=\"wp-block-gallery columns-3 is-cropped wp-block-gallery-4 is-layout-flex wp-block-gallery-is-layout-flex\"><ul class=\"blocks-gallery-grid\"><li class=\"blocks-gallery-item\"><figure><img loading=\"lazy\" decoding=\"async\" width=\"1333\" height=\"2000\" src=\"http:\/\/louisebrunnodottir.com\/wp-content\/uploads\/2020\/05\/Paysage-5-1-1333x2000.jpg\" alt=\"\" data-id=\"191\" data-full-url=\"http:\/\/louisebrunnodottir.com\/wp-content\/uploads\/2020\/05\/Paysage-5-1-scaled.jpg\" data-link=\"http:\/\/louisebrunnodottir.com\/?attachment_id=191\" class=\"wp-image-191\" srcset=\"https:\/\/louisebrunnodottir.com\/wp-content\/uploads\/2020\/05\/Paysage-5-1-1333x2000.jpg 1333w, https:\/\/louisebrunnodottir.com\/wp-content\/uploads\/2020\/05\/Paysage-5-1-200x300.jpg 200w, https:\/\/louisebrunnodottir.com\/wp-content\/uploads\/2020\/05\/Paysage-5-1-768x1152.jpg 768w, https:\/\/louisebrunnodottir.com\/wp-content\/uploads\/2020\/05\/Paysage-5-1-1024x1536.jpg 1024w, https:\/\/louisebrunnodottir.com\/wp-content\/uploads\/2020\/05\/Paysage-5-1-1365x2048.jpg 1365w, https:\/\/louisebrunnodottir.com\/wp-content\/uploads\/2020\/05\/Paysage-5-1-scaled.jpg 1707w\" sizes=\"(max-width: 1333px) 100vw, 1333px\" \/><\/figure><\/li><li class=\"blocks-gallery-item\"><figure><img loading=\"lazy\" decoding=\"async\" width=\"667\" height=\"1000\" src=\"http:\/\/louisebrunnodottir.com\/wp-content\/uploads\/2020\/05\/Paysage-6-1.jpg\" alt=\"\" data-id=\"192\" data-full-url=\"http:\/\/louisebrunnodottir.com\/wp-content\/uploads\/2020\/05\/Paysage-6-1.jpg\" data-link=\"http:\/\/louisebrunnodottir.com\/?attachment_id=192\" class=\"wp-image-192\" srcset=\"https:\/\/louisebrunnodottir.com\/wp-content\/uploads\/2020\/05\/Paysage-6-1.jpg 667w, https:\/\/louisebrunnodottir.com\/wp-content\/uploads\/2020\/05\/Paysage-6-1-200x300.jpg 200w\" sizes=\"(max-width: 667px) 100vw, 667px\" \/><\/figure><\/li><li class=\"blocks-gallery-item\"><figure><img loading=\"lazy\" decoding=\"async\" width=\"667\" height=\"1000\" src=\"http:\/\/louisebrunnodottir.com\/wp-content\/uploads\/2020\/05\/Paysage-7-1.jpg\" alt=\"\" data-id=\"193\" data-full-url=\"http:\/\/louisebrunnodottir.com\/wp-content\/uploads\/2020\/05\/Paysage-7-1.jpg\" data-link=\"http:\/\/louisebrunnodottir.com\/?attachment_id=193\" class=\"wp-image-193\" srcset=\"https:\/\/louisebrunnodottir.com\/wp-content\/uploads\/2020\/05\/Paysage-7-1.jpg 667w, https:\/\/louisebrunnodottir.com\/wp-content\/uploads\/2020\/05\/Paysage-7-1-200x300.jpg 200w\" sizes=\"(max-width: 667px) 100vw, 667px\" \/><\/figure><\/li><\/ul><\/figure>\n","protected":false},"excerpt":{"rendered":"<p>Cette s\u00e9rie de photographies est le r\u00e9sultat d\u2019une recherche sur le d\u00e9veloppement d\u2019un langage photographique du paysage : elle se compose de photographies verticales de grand format, interrogeant la notion de paysage et le geste de photographie. Le terme de surface \u00e9voque la ligne, droite, nette, coup\u00e9e, dans la photographie ou dans la peinture, l\u2019horizon [&hellip;]<\/p>\n","protected":false},"author":1,"featured_media":0,"parent":0,"menu_order":0,"comment_status":"closed","ping_status":"closed","template":"","meta":{"footnotes":""},"_links":{"self":[{"href":"https:\/\/louisebrunnodottir.com\/index.php?rest_route=\/wp\/v2\/pages\/29"}],"collection":[{"href":"https:\/\/louisebrunnodottir.com\/index.php?rest_route=\/wp\/v2\/pages"}],"about":[{"href":"https:\/\/louisebrunnodottir.com\/index.php?rest_route=\/wp\/v2\/types\/page"}],"author":[{"embeddable":true,"href":"https:\/\/louisebrunnodottir.com\/index.php?rest_route=\/wp\/v2\/users\/1"}],"replies":[{"embeddable":true,"href":"https:\/\/louisebrunnodottir.com\/index.php?rest_route=%2Fwp%2Fv2%2Fcomments&post=29"}],"version-history":[{"count":2,"href":"https:\/\/louisebrunnodottir.com\/index.php?rest_route=\/wp\/v2\/pages\/29\/revisions"}],"predecessor-version":[{"id":195,"href":"https:\/\/louisebrunnodottir.com\/index.php?rest_route=\/wp\/v2\/pages\/29\/revisions\/195"}],"wp:attachment":[{"href":"https:\/\/louisebrunnodottir.com\/index.php?rest_route=%2Fwp%2Fv2%2Fmedia&parent=29"}],"curies":[{"name":"wp","href":"https:\/\/api.w.org\/{rel}","templated":true}]}}