{"id":20,"date":"2020-05-23T14:08:18","date_gmt":"2020-05-23T12:08:18","guid":{"rendered":"http:\/\/louisebrunnodottir.com\/?page_id=20"},"modified":"2021-01-20T10:15:15","modified_gmt":"2021-01-20T09:15:15","slug":"rotomagus","status":"publish","type":"page","link":"https:\/\/louisebrunnodottir.com\/?page_id=20","title":{"rendered":"Rotomagus"},"content":{"rendered":"<p>Rotomagus est l&rsquo;ancien nom latin de Rouen. Ce projet photographique consiste en un rassemblement de correspondances de formes et de mati\u00e8res pr\u00e9lev\u00e9es dans la ville, se r\u00e9pondant et refl\u00e9tant les strates historiques embl\u00e9matiques de Rouen. S&rsquo;il questionne le rapport fondamental entre la ville, l&rsquo;homme et la m\u00e9moire face \u00e0 un patrimoine en pleine mutation, ce travail est \u00e9galement une recherche autour des diff\u00e9rents dispositifs de cr\u00e9ation et d&rsquo;exposition photographiques. Par des allers retours entre argentique et num\u00e9rique et un dialogue entre les mat\u00e9riaux et le support de la photographie, comment raconter la ville dans son \u00e9paisseur architecturale et historique, lieu de passage et de m\u00e9moire ?<\/p>\n<p><\/p>\n<p><img loading=\"lazy\" decoding=\"async\" class=\"alignnone size-medium wp-image-268\" src=\"http:\/\/louisebrunnodottir.com\/wp-content\/uploads\/2020\/11\/stmac.tif\" alt=\"\" width=\"1\" height=\"1\"><\/p>\n<p><\/p>\n<p><\/p>\n\n\n<figure class=\"wp-block-gallery columns-0 is-cropped wp-block-gallery-1 is-layout-flex wp-block-gallery-is-layout-flex\"><ul class=\"blocks-gallery-grid\"><\/ul><\/figure>\n\n\n\n<div class=\"wp-block-image\"><figure class=\"aligncenter size-large\"><img loading=\"lazy\" decoding=\"async\" width=\"2000\" height=\"2000\" src=\"http:\/\/louisebrunnodottir.com\/wp-content\/uploads\/2020\/11\/IMG-9382-1-2000x2000.jpg\" alt=\"\" class=\"wp-image-294\" srcset=\"https:\/\/louisebrunnodottir.com\/wp-content\/uploads\/2020\/11\/IMG-9382-1-2000x2000.jpg 2000w, https:\/\/louisebrunnodottir.com\/wp-content\/uploads\/2020\/11\/IMG-9382-1-300x300.jpg 300w, https:\/\/louisebrunnodottir.com\/wp-content\/uploads\/2020\/11\/IMG-9382-1-150x150.jpg 150w, https:\/\/louisebrunnodottir.com\/wp-content\/uploads\/2020\/11\/IMG-9382-1-768x768.jpg 768w, https:\/\/louisebrunnodottir.com\/wp-content\/uploads\/2020\/11\/IMG-9382-1-1536x1536.jpg 1536w, https:\/\/louisebrunnodottir.com\/wp-content\/uploads\/2020\/11\/IMG-9382-1-2048x2048.jpg 2048w\" sizes=\"(max-width: 2000px) 100vw, 2000px\" \/><\/figure><\/div>\n\n\n\n<div style=\"height:100px\" aria-hidden=\"true\" class=\"wp-block-spacer\"><\/div>\n\n\n\n<figure class=\"wp-block-gallery columns-3 is-cropped wp-block-gallery-2 is-layout-flex wp-block-gallery-is-layout-flex\"><ul class=\"blocks-gallery-grid\"><li class=\"blocks-gallery-item\"><figure><a href=\"http:\/\/louisebrunnodottir.com\/wp-content\/uploads\/2020\/11\/stmac2-30-cm-1.jpg\"><img loading=\"lazy\" decoding=\"async\" width=\"850\" height=\"1214\" src=\"http:\/\/louisebrunnodottir.com\/wp-content\/uploads\/2020\/11\/stmac2-30-cm-1.jpg\" alt=\"\" data-id=\"274\" data-link=\"http:\/\/louisebrunnodottir.com\/?attachment_id=274\" class=\"wp-image-274\" srcset=\"https:\/\/louisebrunnodottir.com\/wp-content\/uploads\/2020\/11\/stmac2-30-cm-1.jpg 850w, https:\/\/louisebrunnodottir.com\/wp-content\/uploads\/2020\/11\/stmac2-30-cm-1-210x300.jpg 210w, https:\/\/louisebrunnodottir.com\/wp-content\/uploads\/2020\/11\/stmac2-30-cm-1-768x1097.jpg 768w\" sizes=\"(max-width: 850px) 100vw, 850px\" \/><\/a><\/figure><\/li><li class=\"blocks-gallery-item\"><figure><a href=\"http:\/\/louisebrunnodottir.com\/wp-content\/uploads\/2020\/11\/stouen1-30x45-cm-1.jpg\"><img loading=\"lazy\" decoding=\"async\" width=\"856\" height=\"1281\" src=\"http:\/\/louisebrunnodottir.com\/wp-content\/uploads\/2020\/11\/stouen1-30x45-cm-1.jpg\" alt=\"\" data-id=\"275\" data-link=\"http:\/\/louisebrunnodottir.com\/?attachment_id=275\" class=\"wp-image-275\" srcset=\"https:\/\/louisebrunnodottir.com\/wp-content\/uploads\/2020\/11\/stouen1-30x45-cm-1.jpg 856w, https:\/\/louisebrunnodottir.com\/wp-content\/uploads\/2020\/11\/stouen1-30x45-cm-1-200x300.jpg 200w, https:\/\/louisebrunnodottir.com\/wp-content\/uploads\/2020\/11\/stouen1-30x45-cm-1-768x1149.jpg 768w\" sizes=\"(max-width: 856px) 100vw, 856px\" \/><\/a><\/figure><\/li><li class=\"blocks-gallery-item\"><figure><a href=\"http:\/\/louisebrunnodottir.com\/wp-content\/uploads\/2020\/11\/stmac1-30x45cm.jpg\"><img loading=\"lazy\" decoding=\"async\" width=\"857\" height=\"1281\" src=\"http:\/\/louisebrunnodottir.com\/wp-content\/uploads\/2020\/11\/stmac1-30x45cm.jpg\" alt=\"\" data-id=\"278\" data-full-url=\"http:\/\/louisebrunnodottir.com\/wp-content\/uploads\/2020\/11\/stmac1-30x45cm.jpg\" data-link=\"http:\/\/louisebrunnodottir.com\/?attachment_id=278\" class=\"wp-image-278\" srcset=\"https:\/\/louisebrunnodottir.com\/wp-content\/uploads\/2020\/11\/stmac1-30x45cm.jpg 857w, https:\/\/louisebrunnodottir.com\/wp-content\/uploads\/2020\/11\/stmac1-30x45cm-201x300.jpg 201w, https:\/\/louisebrunnodottir.com\/wp-content\/uploads\/2020\/11\/stmac1-30x45cm-768x1148.jpg 768w\" sizes=\"(max-width: 857px) 100vw, 857px\" \/><\/a><\/figure><\/li><\/ul><figcaption class=\"blocks-gallery-caption\">Rotomagus &#8211; Eglise St Maclou \/ Abbatiale St Ouen &#8211; N\u00e9gatifs superpos\u00e9s, impressions sur papier Arches 310g<\/figcaption><\/figure>\n\n\n\n<div class=\"wp-block-columns\">&nbsp;<\/div>\n\n\n\n<figure class=\"wp-block-gallery columns-2 is-cropped wp-block-gallery-3 is-layout-flex wp-block-gallery-is-layout-flex\"><ul class=\"blocks-gallery-grid\"><li class=\"blocks-gallery-item\"><figure><img loading=\"lazy\" decoding=\"async\" width=\"573\" height=\"856\" src=\"http:\/\/louisebrunnodottir.com\/wp-content\/uploads\/2020\/11\/stouennoir-web.jpg\" alt=\"\" data-id=\"279\" data-link=\"http:\/\/louisebrunnodottir.com\/?attachment_id=279\" class=\"wp-image-279\" srcset=\"https:\/\/louisebrunnodottir.com\/wp-content\/uploads\/2020\/11\/stouennoir-web.jpg 573w, https:\/\/louisebrunnodottir.com\/wp-content\/uploads\/2020\/11\/stouennoir-web-201x300.jpg 201w\" sizes=\"(max-width: 573px) 100vw, 573px\" \/><\/figure><\/li><li class=\"blocks-gallery-item\"><figure><img loading=\"lazy\" decoding=\"async\" width=\"573\" height=\"856\" src=\"http:\/\/louisebrunnodottir.com\/wp-content\/uploads\/2020\/11\/st-ouen-or-web-1.jpg\" alt=\"\" data-id=\"281\" data-full-url=\"http:\/\/louisebrunnodottir.com\/wp-content\/uploads\/2020\/11\/st-ouen-or-web-1.jpg\" data-link=\"http:\/\/louisebrunnodottir.com\/?attachment_id=281\" class=\"wp-image-281\" srcset=\"https:\/\/louisebrunnodottir.com\/wp-content\/uploads\/2020\/11\/st-ouen-or-web-1.jpg 573w, https:\/\/louisebrunnodottir.com\/wp-content\/uploads\/2020\/11\/st-ouen-or-web-1-201x300.jpg 201w\" sizes=\"(max-width: 573px) 100vw, 573px\" \/><\/figure><\/li><\/ul><figcaption class=\"blocks-gallery-caption\">   hierophanie &#8211; Tirages pigmentaires d&rsquo;apr\u00e8s \u00e9mulsions sur plaque de cuivre et ardoise<\/figcaption><\/figure>\n\n\n\n<div class=\"wp-block-spacer\" style=\"height: 53px;\" aria-hidden=\"true\">&nbsp;<\/div>\n\n\n<p>&nbsp;<\/p>\n\n\n<figure class=\"wp-block-gallery aligncenter columns-3 is-cropped wp-block-gallery-4 is-layout-flex wp-block-gallery-is-layout-flex\"><ul class=\"blocks-gallery-grid\"><li class=\"blocks-gallery-item\"><figure><img loading=\"lazy\" decoding=\"async\" width=\"429\" height=\"573\" src=\"http:\/\/louisebrunnodottir.com\/wp-content\/uploads\/2020\/11\/15x20cm-300g.jpg\" alt=\"\" data-id=\"282\" data-link=\"http:\/\/louisebrunnodottir.com\/?attachment_id=282\" class=\"wp-image-282\" srcset=\"https:\/\/louisebrunnodottir.com\/wp-content\/uploads\/2020\/11\/15x20cm-300g.jpg 429w, https:\/\/louisebrunnodottir.com\/wp-content\/uploads\/2020\/11\/15x20cm-300g-225x300.jpg 225w\" sizes=\"(max-width: 429px) 100vw, 429px\" \/><\/figure><\/li><li class=\"blocks-gallery-item\"><figure><img loading=\"lazy\" decoding=\"async\" width=\"425\" height=\"638\" src=\"http:\/\/louisebrunnodottir.com\/wp-content\/uploads\/2020\/11\/rotamagus4.jpg\" alt=\"\" data-id=\"283\" data-link=\"http:\/\/louisebrunnodottir.com\/?attachment_id=283\" class=\"wp-image-283\" srcset=\"https:\/\/louisebrunnodottir.com\/wp-content\/uploads\/2020\/11\/rotamagus4.jpg 425w, https:\/\/louisebrunnodottir.com\/wp-content\/uploads\/2020\/11\/rotamagus4-200x300.jpg 200w\" sizes=\"(max-width: 425px) 100vw, 425px\" \/><\/figure><\/li><li class=\"blocks-gallery-item\"><figure><img loading=\"lazy\" decoding=\"async\" width=\"454\" height=\"680\" src=\"http:\/\/louisebrunnodottir.com\/wp-content\/uploads\/2020\/11\/rotomagus4.jpg\" alt=\"\" data-id=\"292\" data-full-url=\"http:\/\/louisebrunnodottir.com\/wp-content\/uploads\/2020\/11\/rotomagus4.jpg\" data-link=\"http:\/\/louisebrunnodottir.com\/?attachment_id=292\" class=\"wp-image-292\" srcset=\"https:\/\/louisebrunnodottir.com\/wp-content\/uploads\/2020\/11\/rotomagus4.jpg 454w, https:\/\/louisebrunnodottir.com\/wp-content\/uploads\/2020\/11\/rotomagus4-200x300.jpg 200w\" sizes=\"(max-width: 454px) 100vw, 454px\" \/><\/figure><\/li><\/ul><figcaption class=\"blocks-gallery-caption\">Rotomagus &#8211; Photographie \u00e0 la chambre, impression sur papier Arches 300g<\/figcaption><\/figure>\n\n\n\n\n\n<figure class=\"wp-block-gallery aligncenter columns-2 is-cropped wp-block-gallery-5 is-layout-flex wp-block-gallery-is-layout-flex\"><ul class=\"blocks-gallery-grid\"><li class=\"blocks-gallery-item\"><figure><img loading=\"lazy\" decoding=\"async\" width=\"526\" height=\"526\" src=\"http:\/\/louisebrunnodottir.com\/wp-content\/uploads\/2020\/11\/121584598_10223823598235892_2779615658810024210_n.jpg\" alt=\"\" data-id=\"284\" class=\"wp-image-284\" srcset=\"https:\/\/louisebrunnodottir.com\/wp-content\/uploads\/2020\/11\/121584598_10223823598235892_2779615658810024210_n.jpg 526w, https:\/\/louisebrunnodottir.com\/wp-content\/uploads\/2020\/11\/121584598_10223823598235892_2779615658810024210_n-300x300.jpg 300w, https:\/\/louisebrunnodottir.com\/wp-content\/uploads\/2020\/11\/121584598_10223823598235892_2779615658810024210_n-150x150.jpg 150w\" sizes=\"(max-width: 526px) 100vw, 526px\" \/><figcaption class=\"blocks-gallery-item__caption\">Vue d&rsquo;atelier \/ Recherches, impression photographique sur craie<\/figcaption><\/figure><\/li><li class=\"blocks-gallery-item\"><figure><img loading=\"lazy\" decoding=\"async\" width=\"960\" height=\"960\" src=\"http:\/\/louisebrunnodottir.com\/wp-content\/uploads\/2020\/11\/124193898_10224023692598126_3493742657313198728_n.jpg\" alt=\"\" data-id=\"285\" data-full-url=\"http:\/\/louisebrunnodottir.com\/wp-content\/uploads\/2020\/11\/124193898_10224023692598126_3493742657313198728_n.jpg\" data-link=\"http:\/\/louisebrunnodottir.com\/?attachment_id=285\" class=\"wp-image-285\" srcset=\"https:\/\/louisebrunnodottir.com\/wp-content\/uploads\/2020\/11\/124193898_10224023692598126_3493742657313198728_n.jpg 960w, https:\/\/louisebrunnodottir.com\/wp-content\/uploads\/2020\/11\/124193898_10224023692598126_3493742657313198728_n-300x300.jpg 300w, https:\/\/louisebrunnodottir.com\/wp-content\/uploads\/2020\/11\/124193898_10224023692598126_3493742657313198728_n-150x150.jpg 150w, https:\/\/louisebrunnodottir.com\/wp-content\/uploads\/2020\/11\/124193898_10224023692598126_3493742657313198728_n-768x768.jpg 768w\" sizes=\"(max-width: 960px) 100vw, 960px\" \/><figcaption class=\"blocks-gallery-item__caption\">Vue d&rsquo;atelier \/ Recherches, impression photographique sur pierre de taille<\/figcaption><\/figure><\/li><\/ul><\/figure>\n\n\n\n<div class=\"wp-block-image\"><figure class=\"aligncenter size-large\"><img loading=\"lazy\" decoding=\"async\" width=\"932\" height=\"1968\" src=\"http:\/\/louisebrunnodottir.com\/wp-content\/uploads\/2020\/11\/web3.jpg\" alt=\"\" class=\"wp-image-286\" srcset=\"https:\/\/louisebrunnodottir.com\/wp-content\/uploads\/2020\/11\/web3.jpg 932w, https:\/\/louisebrunnodottir.com\/wp-content\/uploads\/2020\/11\/web3-142x300.jpg 142w, https:\/\/louisebrunnodottir.com\/wp-content\/uploads\/2020\/11\/web3-768x1622.jpg 768w, https:\/\/louisebrunnodottir.com\/wp-content\/uploads\/2020\/11\/web3-727x1536.jpg 727w\" sizes=\"(max-width: 932px) 100vw, 932px\" \/><figcaption>parere &#8211; Quatre tirages pigmentaires encadr\u00e9es, 50&#215;120 cm<\/figcaption><\/figure><\/div>\n\n\n\n<figure class=\"wp-block-gallery columns-2 is-cropped wp-block-gallery-6 is-layout-flex wp-block-gallery-is-layout-flex\"><ul class=\"blocks-gallery-grid\"><li class=\"blocks-gallery-item\"><figure><a href=\"http:\/\/louisebrunnodottir.com\/wp-content\/uploads\/2020\/11\/44.jpg\"><img loading=\"lazy\" decoding=\"async\" width=\"1276\" height=\"850\" src=\"http:\/\/louisebrunnodottir.com\/wp-content\/uploads\/2020\/11\/44.jpg\" alt=\"\" data-id=\"288\" data-link=\"http:\/\/louisebrunnodottir.com\/?attachment_id=288\" class=\"wp-image-288\" srcset=\"https:\/\/louisebrunnodottir.com\/wp-content\/uploads\/2020\/11\/44.jpg 1276w, https:\/\/louisebrunnodottir.com\/wp-content\/uploads\/2020\/11\/44-300x200.jpg 300w, https:\/\/louisebrunnodottir.com\/wp-content\/uploads\/2020\/11\/44-768x512.jpg 768w\" sizes=\"(max-width: 1276px) 100vw, 1276px\" \/><\/a><\/figure><\/li><li class=\"blocks-gallery-item\"><figure><a href=\"http:\/\/louisebrunnodottir.com\/wp-content\/uploads\/2020\/11\/5-1.jpg\"><img loading=\"lazy\" decoding=\"async\" width=\"1276\" height=\"850\" src=\"http:\/\/louisebrunnodottir.com\/wp-content\/uploads\/2020\/11\/5-1.jpg\" alt=\"\" data-id=\"289\" data-full-url=\"http:\/\/louisebrunnodottir.com\/wp-content\/uploads\/2020\/11\/5-1.jpg\" data-link=\"http:\/\/louisebrunnodottir.com\/?attachment_id=289\" class=\"wp-image-289\" srcset=\"https:\/\/louisebrunnodottir.com\/wp-content\/uploads\/2020\/11\/5-1.jpg 1276w, https:\/\/louisebrunnodottir.com\/wp-content\/uploads\/2020\/11\/5-1-300x200.jpg 300w, https:\/\/louisebrunnodottir.com\/wp-content\/uploads\/2020\/11\/5-1-768x512.jpg 768w\" sizes=\"(max-width: 1276px) 100vw, 1276px\" \/><\/a><\/figure><\/li><\/ul><figcaption class=\"blocks-gallery-caption\">rocca &#8211; Tirages pigmentaires, pigment ocre et noir charbon<\/figcaption><\/figure>\n\n\n\n<figure class=\"wp-block-gallery columns-1 is-cropped wp-block-gallery-7 is-layout-flex wp-block-gallery-is-layout-flex\"><ul class=\"blocks-gallery-grid\"><li class=\"blocks-gallery-item\"><figure><img decoding=\"async\" src=\"http:\/\/louisebrunnodottir.com\/wp-content\/uploads\/2020\/11\/IMG_0811-Modifier.tif\" alt=\"\" data-id=\"290\" data-link=\"http:\/\/louisebrunnodottir.com\/?attachment_id=290\" class=\"wp-image-290\"\/><\/figure><\/li><\/ul><\/figure>\n\n\n\n<div class=\"wp-block-image\"><figure class=\"aligncenter size-full\"><img loading=\"lazy\" decoding=\"async\" width=\"740\" height=\"493\" src=\"http:\/\/louisebrunnodottir.com\/wp-content\/uploads\/2020\/11\/IMG_0811-Modifier.jpg\" alt=\"\" class=\"wp-image-291\" srcset=\"https:\/\/louisebrunnodottir.com\/wp-content\/uploads\/2020\/11\/IMG_0811-Modifier.jpg 740w, https:\/\/louisebrunnodottir.com\/wp-content\/uploads\/2020\/11\/IMG_0811-Modifier-300x200.jpg 300w\" sizes=\"(max-width: 740px) 100vw, 740px\" \/><figcaption>de tabula &#8211; photographie sur toile, cire, 50&#215;70 cm<\/figcaption><\/figure><\/div>\n","protected":false},"excerpt":{"rendered":"<p>Rotomagus est l&rsquo;ancien nom latin de Rouen. Ce projet photographique consiste en un rassemblement de correspondances de formes et de mati\u00e8res pr\u00e9lev\u00e9es dans la ville, se r\u00e9pondant et refl\u00e9tant les strates historiques embl\u00e9matiques de Rouen. S&rsquo;il questionne le rapport fondamental entre la ville, l&rsquo;homme et la m\u00e9moire face \u00e0 un patrimoine en pleine mutation, ce [&hellip;]<\/p>\n","protected":false},"author":1,"featured_media":0,"parent":0,"menu_order":0,"comment_status":"closed","ping_status":"closed","template":"","meta":{"footnotes":""},"_links":{"self":[{"href":"https:\/\/louisebrunnodottir.com\/index.php?rest_route=\/wp\/v2\/pages\/20"}],"collection":[{"href":"https:\/\/louisebrunnodottir.com\/index.php?rest_route=\/wp\/v2\/pages"}],"about":[{"href":"https:\/\/louisebrunnodottir.com\/index.php?rest_route=\/wp\/v2\/types\/page"}],"author":[{"embeddable":true,"href":"https:\/\/louisebrunnodottir.com\/index.php?rest_route=\/wp\/v2\/users\/1"}],"replies":[{"embeddable":true,"href":"https:\/\/louisebrunnodottir.com\/index.php?rest_route=%2Fwp%2Fv2%2Fcomments&post=20"}],"version-history":[{"count":9,"href":"https:\/\/louisebrunnodottir.com\/index.php?rest_route=\/wp\/v2\/pages\/20\/revisions"}],"predecessor-version":[{"id":298,"href":"https:\/\/louisebrunnodottir.com\/index.php?rest_route=\/wp\/v2\/pages\/20\/revisions\/298"}],"wp:attachment":[{"href":"https:\/\/louisebrunnodottir.com\/index.php?rest_route=%2Fwp%2Fv2%2Fmedia&parent=20"}],"curies":[{"name":"wp","href":"https:\/\/api.w.org\/{rel}","templated":true}]}}