{"id":143,"date":"2020-05-23T19:24:13","date_gmt":"2020-05-23T17:24:13","guid":{"rendered":"http:\/\/louisebrunnodottir.com\/?page_id=143"},"modified":"2020-07-16T11:13:24","modified_gmt":"2020-07-16T09:13:24","slug":"marays","status":"publish","type":"page","link":"https:\/\/louisebrunnodottir.com\/?page_id=143","title":{"rendered":"Mara\u00ffs"},"content":{"rendered":"\n<div class=\"wp-block-group\"><div class=\"wp-block-group__inner-container is-layout-flow wp-block-group-is-layout-flow\">\n<p><em>Photographies de nuit, L&rsquo;Epine, Hautes-Alpes<\/em><\/p>\n\n\n\n<div style=\"height:20px\" aria-hidden=\"true\" class=\"wp-block-spacer\"><\/div>\n\n\n\n<div class=\"wp-block-group\"><div class=\"wp-block-group__inner-container is-layout-flow wp-block-group-is-layout-flow\">\n<div class=\"wp-block-group\"><div class=\"wp-block-group__inner-container is-layout-flow wp-block-group-is-layout-flow\">\n<div class=\"wp-block-group\"><div class=\"wp-block-group__inner-container is-layout-flow wp-block-group-is-layout-flow\">\n<div class=\"wp-block-group\"><div class=\"wp-block-group__inner-container is-layout-flow wp-block-group-is-layout-flow\">\n<p class=\"has-text-align-center has-small-font-size\">\u00ab Au pied du village dans lequel naquirent et v\u00e9curent mes a\u00efeules, s\u2019\u00e9tend une montagne.<br>Son nom est Mara\u00ffs, elle a la forme d\u2019une femme couch\u00e9e sur le dos et la nuit, son corps bleu s\u2019\u00e9tire.<br>La nuit, elle anime les souvenirs enfouis dans le ventre de la terre devenue ciel, ceux des femmes qui ont v\u00e9cu, qui ont port\u00e9 et pris soin.<br>Dans les plis du cr\u00e9puscule, j\u2019arpente les sillons de cette m\u00e9moire. \u00bb<\/p>\n<\/div><\/div>\n<\/div><\/div>\n<\/div><\/div>\n\n\n\n<div style=\"height:20px\" aria-hidden=\"true\" class=\"wp-block-spacer\"><\/div>\n\n\n\n<p class=\"has-text-align-left\">De l\u2019Antiquit\u00e9 \u00e0 la Renaissance, la Terre a \u00e9t\u00e9 vue comme un grand vivant, ou, plus pr\u00e9cis\u00e9ment, comme une grande vivante.  Une m\u00e8re nourrici\u00e8re qui porte la vie en son sein ; m\u00eame les min\u00e9raux \u00e9taient consid\u00e9r\u00e9s comme des produits vivants qui poussaient dans le ventre de la Terre et s\u2019y r\u00e9g\u00e9n\u00e9raient. \u00c0 cette image positive d\u2019une m\u00e8re bienveillante, de fortes contraintes morales \u00e9taient associ\u00e9es : on ne poignarde pas sa m\u00e8re, on ne lui perce pas les entrailles pour en extraire de l\u2019or, on ne mutile pas son corps&#8230;<br><strong>(Carolyn Merchant, The Death of Nature. Women, Ecology and the Scientific Revolution, 1980)<\/strong><\/p>\n\n\n\n<p>Ce projet photographique propose de rendre compte d\u2019une recherche, d\u00e9j\u00e0 engag\u00e9e, sur le th\u00e8me de la m\u00e9moire, de la femme et de l\u2019environnement.<\/p>\n\n\n\n<p>Par l&rsquo;investigation nocturne d\u2019un territoire  li\u00e9 \u00e0 l\u2019histoire des femmes de ma famille, il propose une r\u00e9flexion sur les associations famili\u00e8res faites entre la nature et la f\u00e9minit\u00e9 et les caract\u00e9ristiques communes les liant socialement et historiquement : l\u2019\u00e9motion, l\u2019angoisse, le partage, le soin et l\u2019empathie.<\/p>\n\n\n\n<p>L\u2019approche plastique de cette s\u00e9rie photographique concentre l\u2019utilisation de la nuit comme mat\u00e9riau, la lumi\u00e8re de la lune li\u00e9e depuis l\u2019antiquit\u00e9 \u00e0 la f\u00e9minit\u00e9 r\u00e9v\u00e9lant les images de cette nature personnifi\u00e9e par la femme-montagne, veillant sur le village et ses habitant.es.<\/p>\n\n\n\n<p>Ce travail t\u00e9moigne avant tout d\u2019une volont\u00e9 de s\u2019inscrire durablement dans le champ de l\u2019\u00e9co- f\u00e9minisme par le prisme de trois sujets li\u00e9s \u00e0 ce mouvement: la vision relationnelle, l\u2019importance accord\u00e9e \u00e0 la m\u00e9moire et l\u2019approche narrative des questions \u00e9thiques.<\/p>\n<\/div><\/div>\n<\/div><\/div>\n\n\n\n<div style=\"height:100px\" aria-hidden=\"true\" class=\"wp-block-spacer\"><\/div>\n\n\n\n<figure class=\"wp-block-image size-large\"><img loading=\"lazy\" decoding=\"async\" width=\"2000\" height=\"1333\" src=\"http:\/\/louisebrunnodottir.com\/wp-content\/uploads\/2020\/05\/Marays1-2000x1333.jpg\" alt=\"\" class=\"wp-image-221\" srcset=\"https:\/\/louisebrunnodottir.com\/wp-content\/uploads\/2020\/05\/Marays1-2000x1333.jpg 2000w, https:\/\/louisebrunnodottir.com\/wp-content\/uploads\/2020\/05\/Marays1-300x200.jpg 300w, https:\/\/louisebrunnodottir.com\/wp-content\/uploads\/2020\/05\/Marays1-768x512.jpg 768w, https:\/\/louisebrunnodottir.com\/wp-content\/uploads\/2020\/05\/Marays1-1536x1024.jpg 1536w, https:\/\/louisebrunnodottir.com\/wp-content\/uploads\/2020\/05\/Marays1-2048x1365.jpg 2048w\" sizes=\"(max-width: 2000px) 100vw, 2000px\" \/><\/figure>\n\n\n\n<figure class=\"wp-block-image size-large\"><img loading=\"lazy\" decoding=\"async\" width=\"2000\" height=\"1333\" src=\"http:\/\/louisebrunnodottir.com\/wp-content\/uploads\/2020\/05\/Marays2-1-2000x1333.jpg\" alt=\"\" class=\"wp-image-233\" srcset=\"https:\/\/louisebrunnodottir.com\/wp-content\/uploads\/2020\/05\/Marays2-1-2000x1333.jpg 2000w, https:\/\/louisebrunnodottir.com\/wp-content\/uploads\/2020\/05\/Marays2-1-300x200.jpg 300w, https:\/\/louisebrunnodottir.com\/wp-content\/uploads\/2020\/05\/Marays2-1-768x512.jpg 768w, https:\/\/louisebrunnodottir.com\/wp-content\/uploads\/2020\/05\/Marays2-1-1536x1024.jpg 1536w, https:\/\/louisebrunnodottir.com\/wp-content\/uploads\/2020\/05\/Marays2-1-2048x1365.jpg 2048w\" sizes=\"(max-width: 2000px) 100vw, 2000px\" \/><\/figure>\n\n\n\n<figure class=\"wp-block-image size-large\"><img loading=\"lazy\" decoding=\"async\" width=\"2000\" height=\"1333\" src=\"http:\/\/louisebrunnodottir.com\/wp-content\/uploads\/2020\/05\/Marays5-2000x1333.jpg\" alt=\"\" class=\"wp-image-230\" srcset=\"https:\/\/louisebrunnodottir.com\/wp-content\/uploads\/2020\/05\/Marays5-2000x1333.jpg 2000w, https:\/\/louisebrunnodottir.com\/wp-content\/uploads\/2020\/05\/Marays5-300x200.jpg 300w, https:\/\/louisebrunnodottir.com\/wp-content\/uploads\/2020\/05\/Marays5-768x512.jpg 768w, https:\/\/louisebrunnodottir.com\/wp-content\/uploads\/2020\/05\/Marays5-1536x1024.jpg 1536w, https:\/\/louisebrunnodottir.com\/wp-content\/uploads\/2020\/05\/Marays5-2048x1365.jpg 2048w\" sizes=\"(max-width: 2000px) 100vw, 2000px\" \/><\/figure>\n\n\n\n<figure class=\"wp-block-gallery columns-2 is-cropped wp-block-gallery-1 is-layout-flex wp-block-gallery-is-layout-flex\"><ul class=\"blocks-gallery-grid\"><li class=\"blocks-gallery-item\"><figure><img loading=\"lazy\" decoding=\"async\" width=\"1333\" height=\"2000\" src=\"http:\/\/louisebrunnodottir.com\/wp-content\/uploads\/2020\/05\/Marays3-1333x2000.jpg\" alt=\"\" data-id=\"227\" data-full-url=\"http:\/\/louisebrunnodottir.com\/wp-content\/uploads\/2020\/05\/Marays3-scaled.jpg\" data-link=\"http:\/\/louisebrunnodottir.com\/?attachment_id=227\" class=\"wp-image-227\" srcset=\"https:\/\/louisebrunnodottir.com\/wp-content\/uploads\/2020\/05\/Marays3-1333x2000.jpg 1333w, https:\/\/louisebrunnodottir.com\/wp-content\/uploads\/2020\/05\/Marays3-200x300.jpg 200w, https:\/\/louisebrunnodottir.com\/wp-content\/uploads\/2020\/05\/Marays3-768x1152.jpg 768w, https:\/\/louisebrunnodottir.com\/wp-content\/uploads\/2020\/05\/Marays3-1024x1536.jpg 1024w, https:\/\/louisebrunnodottir.com\/wp-content\/uploads\/2020\/05\/Marays3-1365x2048.jpg 1365w, https:\/\/louisebrunnodottir.com\/wp-content\/uploads\/2020\/05\/Marays3-scaled.jpg 1707w\" sizes=\"(max-width: 1333px) 100vw, 1333px\" \/><\/figure><\/li><li class=\"blocks-gallery-item\"><figure><img loading=\"lazy\" decoding=\"async\" width=\"1333\" height=\"2000\" src=\"http:\/\/louisebrunnodottir.com\/wp-content\/uploads\/2020\/05\/Marays4-1333x2000.jpg\" alt=\"\" data-id=\"232\" data-full-url=\"http:\/\/louisebrunnodottir.com\/wp-content\/uploads\/2020\/05\/Marays4-scaled.jpg\" data-link=\"http:\/\/louisebrunnodottir.com\/?attachment_id=232\" class=\"wp-image-232\" srcset=\"https:\/\/louisebrunnodottir.com\/wp-content\/uploads\/2020\/05\/Marays4-1333x2000.jpg 1333w, https:\/\/louisebrunnodottir.com\/wp-content\/uploads\/2020\/05\/Marays4-200x300.jpg 200w, https:\/\/louisebrunnodottir.com\/wp-content\/uploads\/2020\/05\/Marays4-768x1152.jpg 768w, https:\/\/louisebrunnodottir.com\/wp-content\/uploads\/2020\/05\/Marays4-1024x1536.jpg 1024w, https:\/\/louisebrunnodottir.com\/wp-content\/uploads\/2020\/05\/Marays4-1365x2048.jpg 1365w, https:\/\/louisebrunnodottir.com\/wp-content\/uploads\/2020\/05\/Marays4-scaled.jpg 1707w\" sizes=\"(max-width: 1333px) 100vw, 1333px\" \/><\/figure><\/li><\/ul><\/figure>\n\n\n\n<figure class=\"wp-block-image size-large\"><img loading=\"lazy\" decoding=\"async\" width=\"2000\" height=\"1333\" src=\"http:\/\/louisebrunnodottir.com\/wp-content\/uploads\/2020\/05\/Marays9-2000x1333.jpg\" alt=\"\" class=\"wp-image-235\" srcset=\"https:\/\/louisebrunnodottir.com\/wp-content\/uploads\/2020\/05\/Marays9-2000x1333.jpg 2000w, https:\/\/louisebrunnodottir.com\/wp-content\/uploads\/2020\/05\/Marays9-300x200.jpg 300w, https:\/\/louisebrunnodottir.com\/wp-content\/uploads\/2020\/05\/Marays9-768x512.jpg 768w, https:\/\/louisebrunnodottir.com\/wp-content\/uploads\/2020\/05\/Marays9-1536x1024.jpg 1536w, https:\/\/louisebrunnodottir.com\/wp-content\/uploads\/2020\/05\/Marays9-2048x1365.jpg 2048w\" sizes=\"(max-width: 2000px) 100vw, 2000px\" \/><\/figure>\n\n\n\n<figure class=\"wp-block-gallery columns-2 is-cropped wp-block-gallery-2 is-layout-flex wp-block-gallery-is-layout-flex\"><ul class=\"blocks-gallery-grid\"><li class=\"blocks-gallery-item\"><figure><img loading=\"lazy\" decoding=\"async\" width=\"1333\" height=\"2000\" src=\"http:\/\/louisebrunnodottir.com\/wp-content\/uploads\/2020\/05\/Marays7-1333x2000.jpg\" alt=\"\" data-id=\"236\" data-full-url=\"http:\/\/louisebrunnodottir.com\/wp-content\/uploads\/2020\/05\/Marays7-scaled.jpg\" data-link=\"http:\/\/louisebrunnodottir.com\/?attachment_id=236\" class=\"wp-image-236\" srcset=\"https:\/\/louisebrunnodottir.com\/wp-content\/uploads\/2020\/05\/Marays7-1333x2000.jpg 1333w, https:\/\/louisebrunnodottir.com\/wp-content\/uploads\/2020\/05\/Marays7-200x300.jpg 200w, https:\/\/louisebrunnodottir.com\/wp-content\/uploads\/2020\/05\/Marays7-768x1152.jpg 768w, https:\/\/louisebrunnodottir.com\/wp-content\/uploads\/2020\/05\/Marays7-1024x1536.jpg 1024w, https:\/\/louisebrunnodottir.com\/wp-content\/uploads\/2020\/05\/Marays7-1365x2048.jpg 1365w, https:\/\/louisebrunnodottir.com\/wp-content\/uploads\/2020\/05\/Marays7-scaled.jpg 1707w\" sizes=\"(max-width: 1333px) 100vw, 1333px\" \/><\/figure><\/li><li class=\"blocks-gallery-item\"><figure><img loading=\"lazy\" decoding=\"async\" width=\"1333\" height=\"2000\" src=\"http:\/\/louisebrunnodottir.com\/wp-content\/uploads\/2020\/05\/Marays8-1333x2000.jpg\" alt=\"\" data-id=\"241\" data-full-url=\"http:\/\/louisebrunnodottir.com\/wp-content\/uploads\/2020\/05\/Marays8-scaled.jpg\" data-link=\"http:\/\/louisebrunnodottir.com\/?attachment_id=241\" class=\"wp-image-241\" srcset=\"https:\/\/louisebrunnodottir.com\/wp-content\/uploads\/2020\/05\/Marays8-1333x2000.jpg 1333w, https:\/\/louisebrunnodottir.com\/wp-content\/uploads\/2020\/05\/Marays8-200x300.jpg 200w, https:\/\/louisebrunnodottir.com\/wp-content\/uploads\/2020\/05\/Marays8-768x1152.jpg 768w, https:\/\/louisebrunnodottir.com\/wp-content\/uploads\/2020\/05\/Marays8-1024x1536.jpg 1024w, https:\/\/louisebrunnodottir.com\/wp-content\/uploads\/2020\/05\/Marays8-1365x2048.jpg 1365w, https:\/\/louisebrunnodottir.com\/wp-content\/uploads\/2020\/05\/Marays8-scaled.jpg 1707w\" sizes=\"(max-width: 1333px) 100vw, 1333px\" \/><\/figure><\/li><\/ul><\/figure>\n\n\n\n<figure class=\"wp-block-image size-large\"><img loading=\"lazy\" decoding=\"async\" width=\"2000\" height=\"1333\" src=\"http:\/\/louisebrunnodottir.com\/wp-content\/uploads\/2020\/05\/Marays24-2000x1333.jpg\" alt=\"\" class=\"wp-image-242\" srcset=\"https:\/\/louisebrunnodottir.com\/wp-content\/uploads\/2020\/05\/Marays24-2000x1333.jpg 2000w, https:\/\/louisebrunnodottir.com\/wp-content\/uploads\/2020\/05\/Marays24-300x200.jpg 300w, https:\/\/louisebrunnodottir.com\/wp-content\/uploads\/2020\/05\/Marays24-768x512.jpg 768w, https:\/\/louisebrunnodottir.com\/wp-content\/uploads\/2020\/05\/Marays24-1536x1024.jpg 1536w, https:\/\/louisebrunnodottir.com\/wp-content\/uploads\/2020\/05\/Marays24-2048x1365.jpg 2048w\" sizes=\"(max-width: 2000px) 100vw, 2000px\" \/><\/figure>\n\n\n\n<figure class=\"wp-block-gallery columns-2 is-cropped wp-block-gallery-3 is-layout-flex wp-block-gallery-is-layout-flex\"><ul class=\"blocks-gallery-grid\"><li class=\"blocks-gallery-item\"><figure><img loading=\"lazy\" decoding=\"async\" width=\"1333\" height=\"2000\" src=\"http:\/\/louisebrunnodottir.com\/wp-content\/uploads\/2020\/05\/Marays12-2-1333x2000.jpg\" alt=\"\" data-id=\"247\" data-full-url=\"http:\/\/louisebrunnodottir.com\/wp-content\/uploads\/2020\/05\/Marays12-2-scaled.jpg\" data-link=\"http:\/\/louisebrunnodottir.com\/?attachment_id=247\" class=\"wp-image-247\" srcset=\"https:\/\/louisebrunnodottir.com\/wp-content\/uploads\/2020\/05\/Marays12-2-1333x2000.jpg 1333w, https:\/\/louisebrunnodottir.com\/wp-content\/uploads\/2020\/05\/Marays12-2-200x300.jpg 200w, https:\/\/louisebrunnodottir.com\/wp-content\/uploads\/2020\/05\/Marays12-2-768x1152.jpg 768w, https:\/\/louisebrunnodottir.com\/wp-content\/uploads\/2020\/05\/Marays12-2-1024x1536.jpg 1024w, https:\/\/louisebrunnodottir.com\/wp-content\/uploads\/2020\/05\/Marays12-2-1365x2048.jpg 1365w, https:\/\/louisebrunnodottir.com\/wp-content\/uploads\/2020\/05\/Marays12-2-scaled.jpg 1707w\" sizes=\"(max-width: 1333px) 100vw, 1333px\" \/><\/figure><\/li><li class=\"blocks-gallery-item\"><figure><img loading=\"lazy\" decoding=\"async\" width=\"1333\" height=\"2000\" src=\"http:\/\/louisebrunnodottir.com\/wp-content\/uploads\/2020\/05\/Marays18-1333x2000.jpg\" alt=\"\" data-id=\"248\" data-full-url=\"http:\/\/louisebrunnodottir.com\/wp-content\/uploads\/2020\/05\/Marays18-scaled.jpg\" data-link=\"http:\/\/louisebrunnodottir.com\/?attachment_id=248\" class=\"wp-image-248\" srcset=\"https:\/\/louisebrunnodottir.com\/wp-content\/uploads\/2020\/05\/Marays18-1333x2000.jpg 1333w, https:\/\/louisebrunnodottir.com\/wp-content\/uploads\/2020\/05\/Marays18-200x300.jpg 200w, https:\/\/louisebrunnodottir.com\/wp-content\/uploads\/2020\/05\/Marays18-768x1152.jpg 768w, https:\/\/louisebrunnodottir.com\/wp-content\/uploads\/2020\/05\/Marays18-1024x1536.jpg 1024w, https:\/\/louisebrunnodottir.com\/wp-content\/uploads\/2020\/05\/Marays18-1365x2048.jpg 1365w, https:\/\/louisebrunnodottir.com\/wp-content\/uploads\/2020\/05\/Marays18-scaled.jpg 1707w\" sizes=\"(max-width: 1333px) 100vw, 1333px\" \/><\/figure><\/li><\/ul><\/figure>\n\n\n\n<figure class=\"wp-block-gallery columns-2 is-cropped wp-block-gallery-4 is-layout-flex wp-block-gallery-is-layout-flex\"><ul class=\"blocks-gallery-grid\"><li class=\"blocks-gallery-item\"><figure><img loading=\"lazy\" decoding=\"async\" width=\"1333\" height=\"2000\" src=\"http:\/\/louisebrunnodottir.com\/wp-content\/uploads\/2020\/05\/Marays14-1-1333x2000.jpg\" alt=\"\" data-id=\"258\" data-full-url=\"http:\/\/louisebrunnodottir.com\/wp-content\/uploads\/2020\/05\/Marays14-1-scaled.jpg\" data-link=\"http:\/\/louisebrunnodottir.com\/?attachment_id=258\" class=\"wp-image-258\" srcset=\"https:\/\/louisebrunnodottir.com\/wp-content\/uploads\/2020\/05\/Marays14-1-1333x2000.jpg 1333w, https:\/\/louisebrunnodottir.com\/wp-content\/uploads\/2020\/05\/Marays14-1-200x300.jpg 200w, https:\/\/louisebrunnodottir.com\/wp-content\/uploads\/2020\/05\/Marays14-1-768x1152.jpg 768w, https:\/\/louisebrunnodottir.com\/wp-content\/uploads\/2020\/05\/Marays14-1-1024x1536.jpg 1024w, https:\/\/louisebrunnodottir.com\/wp-content\/uploads\/2020\/05\/Marays14-1-1365x2048.jpg 1365w, https:\/\/louisebrunnodottir.com\/wp-content\/uploads\/2020\/05\/Marays14-1-scaled.jpg 1707w\" sizes=\"(max-width: 1333px) 100vw, 1333px\" \/><\/figure><\/li><li class=\"blocks-gallery-item\"><figure><img loading=\"lazy\" decoding=\"async\" width=\"1333\" height=\"2000\" src=\"http:\/\/louisebrunnodottir.com\/wp-content\/uploads\/2020\/05\/Marays15-1-1333x2000.jpg\" alt=\"\" data-id=\"259\" data-full-url=\"http:\/\/louisebrunnodottir.com\/wp-content\/uploads\/2020\/05\/Marays15-1-scaled.jpg\" data-link=\"http:\/\/louisebrunnodottir.com\/?attachment_id=259\" class=\"wp-image-259\" srcset=\"https:\/\/louisebrunnodottir.com\/wp-content\/uploads\/2020\/05\/Marays15-1-1333x2000.jpg 1333w, https:\/\/louisebrunnodottir.com\/wp-content\/uploads\/2020\/05\/Marays15-1-200x300.jpg 200w, https:\/\/louisebrunnodottir.com\/wp-content\/uploads\/2020\/05\/Marays15-1-768x1152.jpg 768w, https:\/\/louisebrunnodottir.com\/wp-content\/uploads\/2020\/05\/Marays15-1-1024x1536.jpg 1024w, https:\/\/louisebrunnodottir.com\/wp-content\/uploads\/2020\/05\/Marays15-1-1365x2048.jpg 1365w, https:\/\/louisebrunnodottir.com\/wp-content\/uploads\/2020\/05\/Marays15-1-scaled.jpg 1707w\" sizes=\"(max-width: 1333px) 100vw, 1333px\" \/><\/figure><\/li><\/ul><\/figure>\n\n\n\n<div class=\"wp-block-image\"><figure class=\"aligncenter size-large is-resized\"><img loading=\"lazy\" decoding=\"async\" src=\"http:\/\/louisebrunnodottir.com\/wp-content\/uploads\/2020\/07\/Marays22-1333x2000.jpg\" alt=\"\" class=\"wp-image-262\" width=\"499\" height=\"746\"\/><\/figure><\/div>\n","protected":false},"excerpt":{"rendered":"<p>Photographies de nuit, L&rsquo;Epine, Hautes-Alpes \u00ab Au pied du village dans lequel naquirent et v\u00e9curent mes a\u00efeules, s\u2019\u00e9tend une montagne.Son nom est Mara\u00ffs, elle a la forme d\u2019une femme couch\u00e9e sur le dos et la nuit, son corps bleu s\u2019\u00e9tire.La nuit, elle anime les souvenirs enfouis dans le ventre de la terre devenue ciel, ceux [&hellip;]<\/p>\n","protected":false},"author":1,"featured_media":0,"parent":0,"menu_order":0,"comment_status":"closed","ping_status":"closed","template":"","meta":{"footnotes":""},"_links":{"self":[{"href":"https:\/\/louisebrunnodottir.com\/index.php?rest_route=\/wp\/v2\/pages\/143"}],"collection":[{"href":"https:\/\/louisebrunnodottir.com\/index.php?rest_route=\/wp\/v2\/pages"}],"about":[{"href":"https:\/\/louisebrunnodottir.com\/index.php?rest_route=\/wp\/v2\/types\/page"}],"author":[{"embeddable":true,"href":"https:\/\/louisebrunnodottir.com\/index.php?rest_route=\/wp\/v2\/users\/1"}],"replies":[{"embeddable":true,"href":"https:\/\/louisebrunnodottir.com\/index.php?rest_route=%2Fwp%2Fv2%2Fcomments&post=143"}],"version-history":[{"count":8,"href":"https:\/\/louisebrunnodottir.com\/index.php?rest_route=\/wp\/v2\/pages\/143\/revisions"}],"predecessor-version":[{"id":263,"href":"https:\/\/louisebrunnodottir.com\/index.php?rest_route=\/wp\/v2\/pages\/143\/revisions\/263"}],"wp:attachment":[{"href":"https:\/\/louisebrunnodottir.com\/index.php?rest_route=%2Fwp%2Fv2%2Fmedia&parent=143"}],"curies":[{"name":"wp","href":"https:\/\/api.w.org\/{rel}","templated":true}]}}