{"id":14,"date":"2020-05-23T14:04:38","date_gmt":"2020-05-23T12:04:38","guid":{"rendered":"http:\/\/louisebrunnodottir.com\/?page_id=14"},"modified":"2021-03-30T15:18:07","modified_gmt":"2021-03-30T13:18:07","slug":"a-propos","status":"publish","type":"page","link":"https:\/\/louisebrunnodottir.com\/?page_id=14","title":{"rendered":"Info"},"content":{"rendered":"\n<div class=\"wp-block-group\"><div class=\"wp-block-group__inner-container is-layout-flow wp-block-group-is-layout-flow\">\n<div class=\"wp-block-media-text alignwide is-stacked-on-mobile\" style=\"grid-template-columns:28% auto\"><figure class=\"wp-block-media-text__media\"><img loading=\"lazy\" decoding=\"async\" width=\"768\" height=\"1024\" src=\"http:\/\/louisebrunnodottir.com\/wp-content\/uploads\/2020\/05\/IMG_1265-768x1024.jpg\" alt=\"\" class=\"wp-image-61\" srcset=\"https:\/\/louisebrunnodottir.com\/wp-content\/uploads\/2020\/05\/IMG_1265-768x1024.jpg 768w, https:\/\/louisebrunnodottir.com\/wp-content\/uploads\/2020\/05\/IMG_1265-225x300.jpg 225w, https:\/\/louisebrunnodottir.com\/wp-content\/uploads\/2020\/05\/IMG_1265-1152x1536.jpg 1152w, https:\/\/louisebrunnodottir.com\/wp-content\/uploads\/2020\/05\/IMG_1265-1536x2048.jpg 1536w, https:\/\/louisebrunnodottir.com\/wp-content\/uploads\/2020\/05\/IMG_1265-scaled.jpg 1920w\" sizes=\"(max-width: 768px) 100vw, 768px\" \/><\/figure><div class=\"wp-block-media-text__content\">\n<p>Louise Brunnodottir<br>n.1993<br>Rouen\/Paris<\/p>\n\n\n\n<p><a href=\"https:\/\/www.instagram.com\/brunnodottir\/\">https:\/\/www.instagram.com\/brunnodottir\/<\/a><br><a href=\"https:\/\/artpil.com\/louise-brunnodottir\/\">https:\/\/artpil.com\/louise-brunnodottir\/<\/a><\/p>\n<\/div><\/div>\n\n\n\n<p class=\"has-text-align-left\">&nbsp;<\/p>\n<\/div><\/div>\n\n\n\n<div class=\"wp-block-spacer\" style=\"height: 20px;\" aria-hidden=\"true\">\u00a0<\/div>\n\n\n\n<hr class=\"wp-block-separator\"\/>\n\n\n<h6>2014-2016 : Master, Cr\u00e9ation contemporaine, Paris I Panth\u00e9on Sorbonne<br>2011-2014 : Licence, Arts visuels, Paris I Panth\u00e9on Sorbonne<\/h6>\n\n\n<hr class=\"wp-block-separator\"\/>\n\n\n\n<div class=\"wp-block-spacer\" style=\"height: 36px;\" aria-hidden=\"true\">\u00a0<\/div>\n\n\n\n<div class=\"wp-block-columns is-layout-flex wp-container-core-columns-layout-1 wp-block-columns-is-layout-flex\">\n<div class=\"wp-block-column is-layout-flow wp-block-column-is-layout-flow\">\n<h4>Expositions personnelles&nbsp;<\/h4>\n<p>2021 : TerraToma, La Loge des Auteurs photographes, Rouen<\/p>\n<p>2020 : Rotomagus, Orangerie, Grand Couronne<br>R\u00e9sidence de recherche et cr\u00e9ation, Rotomagus, Labo Victor Hugo, Rouen<\/p>\n<p>2018 : La figure du dehors, Galerie Anne Perr\u00e9, Paris<br>&nbsp; &nbsp; &nbsp; &nbsp; &nbsp; &nbsp;\/&nbsp; Rotomagus, Galerie Anne Perr\u00e9, Rouen<\/p>\n<p>2017 : Sols, Galerie B, Rouen<br>2016 : L&rsquo;envers du paysage, Galerie Michel Journiac, Paris&nbsp;<\/p>\n<p>2015 : Hydronyme, Galerie Michel Journiac, Paris<\/p>\n<h4>Prix, bourses<\/h4>\n<p>2021 : Cr\u00e9ation &amp; recherche Etat d&rsquo;Urgence &#8211; RN13bis, Art contemporain en Normandie<\/p>\n<p>2020 : Bourse Impulsion, Ville de Rouen<\/p>\n<p>2019 : S\u00e9lection 30under30 women photographer #Artpil<\/p>\n\n\n\n<p>&nbsp;<\/p>\n<\/div>\n\n\n\n<div class=\"wp-block-column is-layout-flow wp-block-column-is-layout-flow\">\n<h4>Expositions collectives (s\u00e9lection r\u00e9cente)<\/h4>\n<p>\u00a0<\/p>\n<p>2019 : Festival 9ph de photographie contemporaine, Centre de photographie contemporaine Le Bleu du ciel, Lyon<\/p>\n<p>Ecole de l&rsquo;Anthropoc\u00e8ne, \u00ab\u00a0Un monde hors de ses gonds, quelles repr\u00e9sentations visuelles ?\u00a0\u00bb ,\u00a0Ecole Urbaine de Lyon<\/p>\n<p>Quo Vadis, Le Parvis, Arras<\/p>\n<p>Spectre, Terminal 37, Rouen<\/p>\n<p>The poetry of the moment, Galerie Aigners Art, Bern<\/p>\n<p>Festival de photographie contemporaine, Stranger than Fiction, Millepiani, Rome<\/p>\n<p>30 under 30 women photographer exhibit, Galerie Claude Samuel, Paris<\/p>\n<p>Festival Les Transphotographiques, Maison de la photo, Lille<\/p>\n<p>Festival de la photographie instantane\u0301e, Atelier 8, Amiens<\/p>\n<p>\u00a0<\/p>\n<\/div>\n<\/div>\n\n\n\n<div class=\"wp-block-spacer\" style=\"height: 71px;\" aria-hidden=\"true\">\u00a0<\/div>\n","protected":false},"excerpt":{"rendered":"<p>Louise Brunnodottirn.1993Rouen\/Paris https:\/\/www.instagram.com\/brunnodottir\/https:\/\/artpil.com\/louise-brunnodottir\/ &nbsp; 2014-2016 : Master, Cr\u00e9ation contemporaine, Paris I Panth\u00e9on Sorbonne2011-2014 : Licence, Arts visuels, Paris I Panth\u00e9on Sorbonne Expositions personnelles&nbsp; 2021 : TerraToma, La Loge des Auteurs photographes, Rouen 2020 : Rotomagus, Orangerie, Grand CouronneR\u00e9sidence de recherche et cr\u00e9ation, Rotomagus, Labo Victor Hugo, Rouen 2018 : La figure du dehors, Galerie Anne [&hellip;]<\/p>\n","protected":false},"author":1,"featured_media":0,"parent":0,"menu_order":0,"comment_status":"closed","ping_status":"closed","template":"","meta":{"footnotes":""},"_links":{"self":[{"href":"https:\/\/louisebrunnodottir.com\/index.php?rest_route=\/wp\/v2\/pages\/14"}],"collection":[{"href":"https:\/\/louisebrunnodottir.com\/index.php?rest_route=\/wp\/v2\/pages"}],"about":[{"href":"https:\/\/louisebrunnodottir.com\/index.php?rest_route=\/wp\/v2\/types\/page"}],"author":[{"embeddable":true,"href":"https:\/\/louisebrunnodottir.com\/index.php?rest_route=\/wp\/v2\/users\/1"}],"replies":[{"embeddable":true,"href":"https:\/\/louisebrunnodottir.com\/index.php?rest_route=%2Fwp%2Fv2%2Fcomments&post=14"}],"version-history":[{"count":13,"href":"https:\/\/louisebrunnodottir.com\/index.php?rest_route=\/wp\/v2\/pages\/14\/revisions"}],"predecessor-version":[{"id":333,"href":"https:\/\/louisebrunnodottir.com\/index.php?rest_route=\/wp\/v2\/pages\/14\/revisions\/333"}],"wp:attachment":[{"href":"https:\/\/louisebrunnodottir.com\/index.php?rest_route=%2Fwp%2Fv2%2Fmedia&parent=14"}],"curies":[{"name":"wp","href":"https:\/\/api.w.org\/{rel}","templated":true}]}}