{"id":135,"date":"2020-05-23T19:23:35","date_gmt":"2020-05-23T17:23:35","guid":{"rendered":"http:\/\/louisebrunnodottir.com\/?page_id=135"},"modified":"2021-01-27T19:10:29","modified_gmt":"2021-01-27T18:10:29","slug":"terratoma","status":"publish","type":"page","link":"https:\/\/louisebrunnodottir.com\/?page_id=135","title":{"rendered":"TerraToma"},"content":{"rendered":"\n<blockquote class=\"wp-block-quote\"><p>Autour tout br\u00fble, et je vois sur mon ventre en miroir se creuser des cicatrices, l&#8217;empreinte des hommes qui s&rsquo;imaginent marcher sur une chose inerte alors que leurs pas s&rsquo;impriment dans de la chair pleine.<\/p><\/blockquote>\n\n\n\n<p class=\"has-text-align-left has-medium-font-size\">TerraToma est un projet photographique issu d&rsquo;une r\u00e9flexion sur le corps, les femmes et la rencontre avec l&rsquo;environnement. Il est constitu\u00e9 d&rsquo;images photographiques et d&rsquo;objets naturels pr\u00e9lev\u00e9s et alt\u00e9r\u00e9s. Avec une manipulation analogique, faite \u00e0 la prise de vue gr\u00e2ce \u00e0 la lumi\u00e8re existante, les photographies \u00e0 dominance rouge r\u00e9v\u00e9lent de nouveaux paysages, sans intervention directe sur l&rsquo;environnement. Sanglants, ils \u00e9voquent le p\u00e9ril et la fragilit\u00e9 de la nature tout en liant le champ des probl\u00e9matiques environnementales \u00e0 des enjeux personnels et sociaux. Ceux que nous projetons sur la nature, en \u00e9cho \u00e0 notre histoire au moment o\u00f9 nous la rencontrons et la traversons.<\/p>\n\n\n\n<p>Ce projet a obtenu le soutien de la ville de Rouen avec le dispositif de la Bourse Impulsion.<\/p>\n\n\n\n<figure class=\"wp-block-image size-large\"><img loading=\"lazy\" decoding=\"async\" width=\"1313\" height=\"876\" src=\"http:\/\/louisebrunnodottir.com\/wp-content\/uploads\/2020\/05\/001.jpg\" alt=\"\" class=\"wp-image-137\" srcset=\"https:\/\/louisebrunnodottir.com\/wp-content\/uploads\/2020\/05\/001.jpg 1313w, https:\/\/louisebrunnodottir.com\/wp-content\/uploads\/2020\/05\/001-300x200.jpg 300w, https:\/\/louisebrunnodottir.com\/wp-content\/uploads\/2020\/05\/001-768x512.jpg 768w\" sizes=\"(max-width: 1313px) 100vw, 1313px\" \/><\/figure>\n\n\n\n<figure class=\"wp-block-image size-large\"><img loading=\"lazy\" decoding=\"async\" width=\"1313\" height=\"876\" src=\"http:\/\/louisebrunnodottir.com\/wp-content\/uploads\/2020\/05\/002.jpg\" alt=\"\" class=\"wp-image-139\" srcset=\"https:\/\/louisebrunnodottir.com\/wp-content\/uploads\/2020\/05\/002.jpg 1313w, https:\/\/louisebrunnodottir.com\/wp-content\/uploads\/2020\/05\/002-300x200.jpg 300w, https:\/\/louisebrunnodottir.com\/wp-content\/uploads\/2020\/05\/002-768x512.jpg 768w\" sizes=\"(max-width: 1313px) 100vw, 1313px\" \/><\/figure>\n\n\n\n<figure class=\"wp-block-gallery columns-2 is-cropped wp-block-gallery-1 is-layout-flex wp-block-gallery-is-layout-flex\"><ul class=\"blocks-gallery-grid\"><li class=\"blocks-gallery-item\"><figure><img loading=\"lazy\" decoding=\"async\" width=\"921\" height=\"1313\" src=\"http:\/\/louisebrunnodottir.com\/wp-content\/uploads\/2021\/01\/1.jpg\" alt=\"\" data-id=\"300\" data-full-url=\"http:\/\/louisebrunnodottir.com\/wp-content\/uploads\/2021\/01\/1.jpg\" data-link=\"http:\/\/louisebrunnodottir.com\/?attachment_id=300\" class=\"wp-image-300\" srcset=\"https:\/\/louisebrunnodottir.com\/wp-content\/uploads\/2021\/01\/1.jpg 921w, https:\/\/louisebrunnodottir.com\/wp-content\/uploads\/2021\/01\/1-210x300.jpg 210w, https:\/\/louisebrunnodottir.com\/wp-content\/uploads\/2021\/01\/1-768x1095.jpg 768w\" sizes=\"(max-width: 921px) 100vw, 921px\" \/><\/figure><\/li><li class=\"blocks-gallery-item\"><figure><img loading=\"lazy\" decoding=\"async\" width=\"886\" height=\"1313\" src=\"http:\/\/louisebrunnodottir.com\/wp-content\/uploads\/2021\/01\/2.jpg\" alt=\"\" data-id=\"301\" data-full-url=\"http:\/\/louisebrunnodottir.com\/wp-content\/uploads\/2021\/01\/2.jpg\" data-link=\"http:\/\/louisebrunnodottir.com\/?attachment_id=301\" class=\"wp-image-301\" srcset=\"https:\/\/louisebrunnodottir.com\/wp-content\/uploads\/2021\/01\/2.jpg 886w, https:\/\/louisebrunnodottir.com\/wp-content\/uploads\/2021\/01\/2-202x300.jpg 202w, https:\/\/louisebrunnodottir.com\/wp-content\/uploads\/2021\/01\/2-768x1138.jpg 768w\" sizes=\"(max-width: 886px) 100vw, 886px\" \/><\/figure><\/li><\/ul><\/figure>\n\n\n\n<div class=\"wp-block-image\"><figure class=\"aligncenter size-large\"><img loading=\"lazy\" decoding=\"async\" width=\"885\" height=\"1313\" src=\"http:\/\/louisebrunnodottir.com\/wp-content\/uploads\/2021\/01\/3.jpg\" alt=\"\" class=\"wp-image-302\" srcset=\"https:\/\/louisebrunnodottir.com\/wp-content\/uploads\/2021\/01\/3.jpg 885w, https:\/\/louisebrunnodottir.com\/wp-content\/uploads\/2021\/01\/3-202x300.jpg 202w, https:\/\/louisebrunnodottir.com\/wp-content\/uploads\/2021\/01\/3-768x1139.jpg 768w\" sizes=\"(max-width: 885px) 100vw, 885px\" \/><\/figure><\/div>\n\n\n\n<figure class=\"wp-block-gallery columns-3 is-cropped wp-block-gallery-2 is-layout-flex wp-block-gallery-is-layout-flex\"><ul class=\"blocks-gallery-grid\"><li class=\"blocks-gallery-item\"><figure><img loading=\"lazy\" decoding=\"async\" width=\"922\" height=\"1313\" src=\"http:\/\/louisebrunnodottir.com\/wp-content\/uploads\/2021\/01\/4.jpg\" alt=\"\" data-id=\"303\" data-full-url=\"http:\/\/louisebrunnodottir.com\/wp-content\/uploads\/2021\/01\/4.jpg\" data-link=\"http:\/\/louisebrunnodottir.com\/?attachment_id=303\" class=\"wp-image-303\" srcset=\"https:\/\/louisebrunnodottir.com\/wp-content\/uploads\/2021\/01\/4.jpg 922w, https:\/\/louisebrunnodottir.com\/wp-content\/uploads\/2021\/01\/4-211x300.jpg 211w, https:\/\/louisebrunnodottir.com\/wp-content\/uploads\/2021\/01\/4-768x1094.jpg 768w\" sizes=\"(max-width: 922px) 100vw, 922px\" \/><\/figure><\/li><li class=\"blocks-gallery-item\"><figure><img loading=\"lazy\" decoding=\"async\" width=\"922\" height=\"1313\" src=\"http:\/\/louisebrunnodottir.com\/wp-content\/uploads\/2021\/01\/6.jpg\" alt=\"\" data-id=\"305\" data-full-url=\"http:\/\/louisebrunnodottir.com\/wp-content\/uploads\/2021\/01\/6.jpg\" data-link=\"http:\/\/louisebrunnodottir.com\/?attachment_id=305\" class=\"wp-image-305\" srcset=\"https:\/\/louisebrunnodottir.com\/wp-content\/uploads\/2021\/01\/6.jpg 922w, https:\/\/louisebrunnodottir.com\/wp-content\/uploads\/2021\/01\/6-211x300.jpg 211w, https:\/\/louisebrunnodottir.com\/wp-content\/uploads\/2021\/01\/6-768x1094.jpg 768w\" sizes=\"(max-width: 922px) 100vw, 922px\" \/><\/figure><\/li><li class=\"blocks-gallery-item\"><figure><img loading=\"lazy\" decoding=\"async\" width=\"922\" height=\"1313\" src=\"http:\/\/louisebrunnodottir.com\/wp-content\/uploads\/2021\/01\/21x30-tirage-simple.jpg\" alt=\"\" data-id=\"308\" data-full-url=\"http:\/\/louisebrunnodottir.com\/wp-content\/uploads\/2021\/01\/21x30-tirage-simple.jpg\" data-link=\"http:\/\/louisebrunnodottir.com\/?attachment_id=308\" class=\"wp-image-308\" srcset=\"https:\/\/louisebrunnodottir.com\/wp-content\/uploads\/2021\/01\/21x30-tirage-simple.jpg 922w, https:\/\/louisebrunnodottir.com\/wp-content\/uploads\/2021\/01\/21x30-tirage-simple-211x300.jpg 211w, https:\/\/louisebrunnodottir.com\/wp-content\/uploads\/2021\/01\/21x30-tirage-simple-768x1094.jpg 768w\" sizes=\"(max-width: 922px) 100vw, 922px\" \/><\/figure><\/li><li class=\"blocks-gallery-item\"><figure><img loading=\"lazy\" decoding=\"async\" width=\"922\" height=\"1313\" src=\"http:\/\/louisebrunnodottir.com\/wp-content\/uploads\/2021\/01\/9.jpg\" alt=\"\" data-id=\"307\" data-full-url=\"http:\/\/louisebrunnodottir.com\/wp-content\/uploads\/2021\/01\/9.jpg\" data-link=\"http:\/\/louisebrunnodottir.com\/?attachment_id=307\" class=\"wp-image-307\" srcset=\"https:\/\/louisebrunnodottir.com\/wp-content\/uploads\/2021\/01\/9.jpg 922w, https:\/\/louisebrunnodottir.com\/wp-content\/uploads\/2021\/01\/9-211x300.jpg 211w, https:\/\/louisebrunnodottir.com\/wp-content\/uploads\/2021\/01\/9-768x1094.jpg 768w\" sizes=\"(max-width: 922px) 100vw, 922px\" \/><\/figure><\/li><li class=\"blocks-gallery-item\"><figure><img loading=\"lazy\" decoding=\"async\" width=\"922\" height=\"1313\" src=\"http:\/\/louisebrunnodottir.com\/wp-content\/uploads\/2021\/01\/7.jpg\" alt=\"\" data-id=\"306\" data-full-url=\"http:\/\/louisebrunnodottir.com\/wp-content\/uploads\/2021\/01\/7.jpg\" data-link=\"http:\/\/louisebrunnodottir.com\/?attachment_id=306\" class=\"wp-image-306\" srcset=\"https:\/\/louisebrunnodottir.com\/wp-content\/uploads\/2021\/01\/7.jpg 922w, https:\/\/louisebrunnodottir.com\/wp-content\/uploads\/2021\/01\/7-211x300.jpg 211w, https:\/\/louisebrunnodottir.com\/wp-content\/uploads\/2021\/01\/7-768x1094.jpg 768w\" sizes=\"(max-width: 922px) 100vw, 922px\" \/><\/figure><\/li><li class=\"blocks-gallery-item\"><figure><img loading=\"lazy\" decoding=\"async\" width=\"922\" height=\"1313\" src=\"http:\/\/louisebrunnodottir.com\/wp-content\/uploads\/2021\/01\/5.jpg\" alt=\"\" data-id=\"304\" data-full-url=\"http:\/\/louisebrunnodottir.com\/wp-content\/uploads\/2021\/01\/5.jpg\" data-link=\"http:\/\/louisebrunnodottir.com\/?attachment_id=304\" class=\"wp-image-304\" srcset=\"https:\/\/louisebrunnodottir.com\/wp-content\/uploads\/2021\/01\/5.jpg 922w, https:\/\/louisebrunnodottir.com\/wp-content\/uploads\/2021\/01\/5-211x300.jpg 211w, https:\/\/louisebrunnodottir.com\/wp-content\/uploads\/2021\/01\/5-768x1094.jpg 768w\" sizes=\"(max-width: 922px) 100vw, 922px\" \/><\/figure><\/li><\/ul><\/figure>\n\n\n\n<figure class=\"wp-block-gallery columns-2 is-cropped wp-block-gallery-3 is-layout-flex wp-block-gallery-is-layout-flex\"><ul class=\"blocks-gallery-grid\"><li class=\"blocks-gallery-item\"><figure><img loading=\"lazy\" decoding=\"async\" width=\"1415\" height=\"2000\" src=\"http:\/\/louisebrunnodottir.com\/wp-content\/uploads\/2021\/01\/page1-1415x2000.jpg\" alt=\"\" data-id=\"314\" data-full-url=\"http:\/\/louisebrunnodottir.com\/wp-content\/uploads\/2021\/01\/page1.jpg\" data-link=\"http:\/\/louisebrunnodottir.com\/?attachment_id=314\" class=\"wp-image-314\" srcset=\"https:\/\/louisebrunnodottir.com\/wp-content\/uploads\/2021\/01\/page1-1415x2000.jpg 1415w, https:\/\/louisebrunnodottir.com\/wp-content\/uploads\/2021\/01\/page1-212x300.jpg 212w, https:\/\/louisebrunnodottir.com\/wp-content\/uploads\/2021\/01\/page1-768x1086.jpg 768w, https:\/\/louisebrunnodottir.com\/wp-content\/uploads\/2021\/01\/page1-1086x1536.jpg 1086w, https:\/\/louisebrunnodottir.com\/wp-content\/uploads\/2021\/01\/page1-1448x2048.jpg 1448w, https:\/\/louisebrunnodottir.com\/wp-content\/uploads\/2021\/01\/page1.jpg 1754w\" sizes=\"(max-width: 1415px) 100vw, 1415px\" \/><\/figure><\/li><li class=\"blocks-gallery-item\"><figure><img loading=\"lazy\" decoding=\"async\" width=\"1415\" height=\"2000\" src=\"http:\/\/louisebrunnodottir.com\/wp-content\/uploads\/2021\/01\/page2-1415x2000.jpg\" alt=\"\" data-id=\"312\" data-full-url=\"http:\/\/louisebrunnodottir.com\/wp-content\/uploads\/2021\/01\/page2.jpg\" data-link=\"http:\/\/louisebrunnodottir.com\/?attachment_id=312\" class=\"wp-image-312\" srcset=\"https:\/\/louisebrunnodottir.com\/wp-content\/uploads\/2021\/01\/page2-1415x2000.jpg 1415w, https:\/\/louisebrunnodottir.com\/wp-content\/uploads\/2021\/01\/page2-212x300.jpg 212w, https:\/\/louisebrunnodottir.com\/wp-content\/uploads\/2021\/01\/page2-768x1086.jpg 768w, https:\/\/louisebrunnodottir.com\/wp-content\/uploads\/2021\/01\/page2-1086x1536.jpg 1086w, https:\/\/louisebrunnodottir.com\/wp-content\/uploads\/2021\/01\/page2-1448x2048.jpg 1448w, https:\/\/louisebrunnodottir.com\/wp-content\/uploads\/2021\/01\/page2.jpg 1754w\" sizes=\"(max-width: 1415px) 100vw, 1415px\" \/><\/figure><\/li><li class=\"blocks-gallery-item\"><figure><img loading=\"lazy\" decoding=\"async\" width=\"1415\" height=\"2000\" src=\"http:\/\/louisebrunnodottir.com\/wp-content\/uploads\/2021\/01\/page3-1415x2000.jpg\" alt=\"\" data-id=\"313\" data-full-url=\"http:\/\/louisebrunnodottir.com\/wp-content\/uploads\/2021\/01\/page3.jpg\" data-link=\"http:\/\/louisebrunnodottir.com\/?attachment_id=313\" class=\"wp-image-313\" srcset=\"https:\/\/louisebrunnodottir.com\/wp-content\/uploads\/2021\/01\/page3-1415x2000.jpg 1415w, https:\/\/louisebrunnodottir.com\/wp-content\/uploads\/2021\/01\/page3-212x300.jpg 212w, https:\/\/louisebrunnodottir.com\/wp-content\/uploads\/2021\/01\/page3-768x1086.jpg 768w, https:\/\/louisebrunnodottir.com\/wp-content\/uploads\/2021\/01\/page3-1086x1536.jpg 1086w, https:\/\/louisebrunnodottir.com\/wp-content\/uploads\/2021\/01\/page3-1448x2048.jpg 1448w, https:\/\/louisebrunnodottir.com\/wp-content\/uploads\/2021\/01\/page3.jpg 1754w\" sizes=\"(max-width: 1415px) 100vw, 1415px\" \/><\/figure><\/li><li class=\"blocks-gallery-item\"><figure><img loading=\"lazy\" decoding=\"async\" width=\"1415\" height=\"2000\" src=\"http:\/\/louisebrunnodottir.com\/wp-content\/uploads\/2021\/01\/page4-1415x2000.jpg\" alt=\"\" data-id=\"315\" data-full-url=\"http:\/\/louisebrunnodottir.com\/wp-content\/uploads\/2021\/01\/page4.jpg\" data-link=\"http:\/\/louisebrunnodottir.com\/?attachment_id=315\" class=\"wp-image-315\" srcset=\"https:\/\/louisebrunnodottir.com\/wp-content\/uploads\/2021\/01\/page4-1415x2000.jpg 1415w, https:\/\/louisebrunnodottir.com\/wp-content\/uploads\/2021\/01\/page4-212x300.jpg 212w, https:\/\/louisebrunnodottir.com\/wp-content\/uploads\/2021\/01\/page4-768x1086.jpg 768w, https:\/\/louisebrunnodottir.com\/wp-content\/uploads\/2021\/01\/page4-1086x1536.jpg 1086w, https:\/\/louisebrunnodottir.com\/wp-content\/uploads\/2021\/01\/page4-1448x2048.jpg 1448w, https:\/\/louisebrunnodottir.com\/wp-content\/uploads\/2021\/01\/page4.jpg 1754w\" sizes=\"(max-width: 1415px) 100vw, 1415px\" \/><\/figure><\/li><\/ul><\/figure>\n\n\n\n<figure class=\"wp-block-image size-large\"><img loading=\"lazy\" decoding=\"async\" width=\"2000\" height=\"2000\" src=\"http:\/\/louisebrunnodottir.com\/wp-content\/uploads\/2021\/01\/vue-dexpo-1-2000x2000.jpeg\" alt=\"\" class=\"wp-image-321\" srcset=\"https:\/\/louisebrunnodottir.com\/wp-content\/uploads\/2021\/01\/vue-dexpo-1-2000x2000.jpeg 2000w, https:\/\/louisebrunnodottir.com\/wp-content\/uploads\/2021\/01\/vue-dexpo-1-300x300.jpeg 300w, https:\/\/louisebrunnodottir.com\/wp-content\/uploads\/2021\/01\/vue-dexpo-1-150x150.jpeg 150w, https:\/\/louisebrunnodottir.com\/wp-content\/uploads\/2021\/01\/vue-dexpo-1-768x768.jpeg 768w, https:\/\/louisebrunnodottir.com\/wp-content\/uploads\/2021\/01\/vue-dexpo-1-1536x1536.jpeg 1536w, https:\/\/louisebrunnodottir.com\/wp-content\/uploads\/2021\/01\/vue-dexpo-1-2048x2048.jpeg 2048w\" sizes=\"(max-width: 2000px) 100vw, 2000px\" \/><figcaption>@La loge des auteurs photographes \/ Rouen<\/figcaption><\/figure>\n\n\n\n<p><\/p>\n","protected":false},"excerpt":{"rendered":"<p>Autour tout br\u00fble, et je vois sur mon ventre en miroir se creuser des cicatrices, l&#8217;empreinte des hommes qui s&rsquo;imaginent marcher sur une chose inerte alors que leurs pas s&rsquo;impriment dans de la chair pleine. TerraToma est un projet photographique issu d&rsquo;une r\u00e9flexion sur le corps, les femmes et la rencontre avec l&rsquo;environnement. Il est [&hellip;]<\/p>\n","protected":false},"author":1,"featured_media":0,"parent":0,"menu_order":0,"comment_status":"closed","ping_status":"closed","template":"","meta":{"footnotes":""},"_links":{"self":[{"href":"https:\/\/louisebrunnodottir.com\/index.php?rest_route=\/wp\/v2\/pages\/135"}],"collection":[{"href":"https:\/\/louisebrunnodottir.com\/index.php?rest_route=\/wp\/v2\/pages"}],"about":[{"href":"https:\/\/louisebrunnodottir.com\/index.php?rest_route=\/wp\/v2\/types\/page"}],"author":[{"embeddable":true,"href":"https:\/\/louisebrunnodottir.com\/index.php?rest_route=\/wp\/v2\/users\/1"}],"replies":[{"embeddable":true,"href":"https:\/\/louisebrunnodottir.com\/index.php?rest_route=%2Fwp%2Fv2%2Fcomments&post=135"}],"version-history":[{"count":7,"href":"https:\/\/louisebrunnodottir.com\/index.php?rest_route=\/wp\/v2\/pages\/135\/revisions"}],"predecessor-version":[{"id":322,"href":"https:\/\/louisebrunnodottir.com\/index.php?rest_route=\/wp\/v2\/pages\/135\/revisions\/322"}],"wp:attachment":[{"href":"https:\/\/louisebrunnodottir.com\/index.php?rest_route=%2Fwp%2Fv2%2Fmedia&parent=135"}],"curies":[{"name":"wp","href":"https:\/\/api.w.org\/{rel}","templated":true}]}}